{"id":257,"date":"2016-07-20T12:18:50","date_gmt":"2016-07-20T16:18:50","guid":{"rendered":"http:\/\/www.foilprint.com\/wordpress\/fr\/?page_id=257"},"modified":"2016-07-20T12:18:50","modified_gmt":"2016-07-20T16:18:50","slug":"gravure","status":"publish","type":"page","link":"https:\/\/www.foilprint.com\/fr\/services\/gravure\/","title":{"rendered":"Gravure"},"content":{"rendered":"[vc_row fullwidth=\u00a0\u00bbtrue\u00a0\u00bb css=\u00a0\u00bb.vc_custom_1457455442049{margin-bottom: 40px !important;}\u00a0\u00bb][vc_column]\n<div id=\"rev_slider_6_1_wrapper\" class=\"rev_slider_wrapper fullwidthbanner-container\" data-source=\"gallery\" style=\"margin:0px auto;background:transparent;padding:0px;margin-top:0px;margin-bottom:0px;\">\n<!-- START REVOLUTION SLIDER 5.4.6.4 fullwidth mode -->\n\t<div id=\"rev_slider_6_1\" class=\"rev_slider fullwidthabanner\" style=\"display:none;\" data-version=\"5.4.6.4\">\n<ul>\t<!-- SLIDE  -->\n\t<li data-index=\"rs-15\" data-transition=\"crossfade\" data-slotamount=\"default\" data-hideafterloop=\"0\" data-hideslideonmobile=\"off\"  data-easein=\"default\" data-easeout=\"default\" data-masterspeed=\"300\"  data-rotate=\"0\"  data-saveperformance=\"off\"  data-title=\"Slide\" data-param1=\"\" data-param2=\"\" data-param3=\"\" data-param4=\"\" data-param5=\"\" data-param6=\"\" data-param7=\"\" data-param8=\"\" data-param9=\"\" data-param10=\"\" data-description=\"\">\n\t\t<!-- MAIN IMAGE -->\n\t\t<img src=\"https:\/\/www.foilprint.com\/wp-content\/uploads\/banner-engraving.jpg\"  alt=\"\" title=\"banner-engraving\"  width=\"1920\" height=\"475\" data-bgposition=\"center center\" data-bgfit=\"cover\" data-bgrepeat=\"no-repeat\" data-bgparallax=\"off\" class=\"rev-slidebg\" data-no-retina>\n\t\t<!-- LAYERS -->\n\t<\/li>\n<\/ul>\n<div class=\"tp-bannertimer tp-bottom\" style=\"visibility: hidden !important;\"><\/div>\t<\/div>\n<script>var htmlDiv = document.getElementById(\"rs-plugin-settings-inline-css\"); var htmlDivCss=\"\";\r\n\t\t\t\tif(htmlDiv) {\r\n\t\t\t\t\thtmlDiv.innerHTML = htmlDiv.innerHTML + htmlDivCss;\r\n\t\t\t\t}else{\r\n\t\t\t\t\tvar htmlDiv = document.createElement(\"div\");\r\n\t\t\t\t\thtmlDiv.innerHTML = \"<style>\" + htmlDivCss + \"<\/style>\";\r\n\t\t\t\t\tdocument.getElementsByTagName(\"head\")[0].appendChild(htmlDiv.childNodes[0]);\r\n\t\t\t\t}\r\n\t\t\t<\/script>\n\t\t<script type=\"text\/javascript\">\r\nsetREVStartSize({c: jQuery('#rev_slider_6_1'), responsiveLevels: [1240,1024,778,480], gridwidth: [1240,1024,778,480], gridheight: [475,475,350,350], sliderLayout: 'fullwidth'});\r\n\t\t\t\r\nvar revapi6,\r\n\ttpj=jQuery;\r\n\t\t\t\r\ntpj(document).ready(function() {\n\tif(tpj(\"#rev_slider_6_1\").revolution == undefined){\n\t\trevslider_showDoubleJqueryError(\"#rev_slider_6_1\");\n\t}else{\n\t\trevapi6 = tpj(\"#rev_slider_6_1\").show().revolution({\n\t\t\tsliderType:\"standard\",\n\t\t\tjsFileLocation:\"\/\/www.foilprint.com\/wp-content\/plugins\/revslider\/public\/assets\/js\/\",\n\t\t\tsliderLayout:\"fullwidth\",\n\t\t\tdottedOverlay:\"none\",\n\t\t\tdelay:5000,\n\t\t\tnavigation: {\n\t\t\t\tonHoverStop:\"off\",\n\t\t\t},\n\t\t\tresponsiveLevels:[1240,1024,778,480],\n\t\t\tvisibilityLevels:[1240,1024,778,480],\n\t\t\tgridwidth:[1240,1024,778,480],\n\t\t\tgridheight:[475,475,350,350],\n\t\t\tlazyType:\"none\",\n\t\t\tparallax: {\n\t\t\t\ttype:\"mouse\",\n\t\t\t\torigo:\"slidercenter\",\n\t\t\t\tspeed:2000,\n\t\t\t\tspeedbg:0,\n\t\t\t\tspeedls:0,\n\t\t\t\tlevels:[2,3,4,5,6,7,12,16,10,50,47,48,49,50,51,55],\n\t\t\t},\n\t\t\tshadow:0,\n\t\t\tspinner:\"spinner3\",\n\t\t\tstopLoop:\"off\",\n\t\t\tstopAfterLoops:-1,\n\t\t\tstopAtSlide:-1,\n\t\t\tshuffle:\"off\",\n\t\t\tautoHeight:\"off\",\n\t\t\tdisableProgressBar:\"on\",\n\t\t\thideThumbsOnMobile:\"off\",\n\t\t\thideSliderAtLimit:0,\n\t\t\thideCaptionAtLimit:0,\n\t\t\thideAllCaptionAtLilmit:0,\n\t\t\tdebugMode:false,\n\t\t\tfallbacks: {\n\t\t\t\tsimplifyAll:\"off\",\n\t\t\t\tnextSlideOnWindowFocus:\"off\",\n\t\t\t\tdisableFocusListener:false,\n\t\t\t}\n\t\t});\n\t}\n\t\n});\t\/*ready*\/\n<\/script>\r\n\t\t<script>\r\n\t\t\t\t\tvar htmlDivCss = '\t#rev_slider_6_1_wrapper .tp-loader.spinner3 div { background-color: #FFFFFF !important; } ';\r\n\t\t\t\t\tvar htmlDiv = document.getElementById('rs-plugin-settings-inline-css');\r\n\t\t\t\t\tif(htmlDiv) {\r\n\t\t\t\t\t\thtmlDiv.innerHTML = htmlDiv.innerHTML + htmlDivCss;\r\n\t\t\t\t\t}\r\n\t\t\t\t\telse{\r\n\t\t\t\t\t\tvar htmlDiv = document.createElement('div');\r\n\t\t\t\t\t\thtmlDiv.innerHTML = '<style>' + htmlDivCss + '<\/style>';\r\n\t\t\t\t\t\tdocument.getElementsByTagName('head')[0].appendChild(htmlDiv.childNodes[0]);\r\n\t\t\t\t\t}\r\n\t\t\t\t\t<\/script>\r\n\t\t\t\t\t<\/div><!-- END REVOLUTION SLIDER -->[\/vc_column][\/vc_row][vc_row el_class=\u00a0\u00bbpage-title\u00a0\u00bb][vc_column][vc_column_text margin_bottom=\u00a0\u00bb25&Prime;]\n<h2 style=\"text-align: center;\">Foilprint Inc. plaques fabricants de machines, plaques personnalis\u00e9es, \u00e9tiquettes, plaques d&rsquo;avertissement ainsi qu&rsquo;une foule compl\u00e8te de produits de signalisation.<\/h2>\n[\/vc_column_text][\/vc_column][\/vc_row][vc_row][vc_column width=\u00a0\u00bb1\/2&Prime;][vc_column_text margin_bottom=\u00a0\u00bb25&Prime;]Notre d\u00e9partement de gravure est \u00e9quip\u00e9 \u00e0 la fois laser et de gravures rotatives. Ce d\u00e9partement peut d\u00e9corer et produire des marquages d&rsquo;identification sur l\u2019aluminium, l&rsquo;acier inoxydable, le laiton, le cuivre, le bois, le verre et de nombreux types de mati\u00e8res plastiques. Le potentiel pour le laser et la gravure rotative est sans limite, y compris le mat\u00e9riel et les appareils m\u00e9dicaux, l\u2019\u00e9lectronique, les pi\u00e8ces automobiles, les composants a\u00e9rospatiaux sont tous les premiers candidats pour cette proc\u00e9dure.<\/p>\n<p>Beaucoup de nos clients nous fournissent leurs propres produits \u00e0 \u00eatre identifi\u00e9s, marqu\u00e9s ou d\u00e9cor\u00e9s. Nous engravons par exemple\u00a0; des verres \u00e0 vin, des bouteilles en verre, des bo\u00eetiers et des panneaux m\u00e9talliques, et de nombreux types de produits promotionnels. Semblable \u00e0 notre processus d&rsquo;impression num\u00e9rique, le prototypage avant de commettre \u00e0 un cycle de production est peu impliquant des co\u00fbts tr\u00e8s abordables.[\/vc_column_text][\/vc_column][vc_column width=\u00a0\u00bb1\/2&Prime;][vc_column_text]\n<p style=\"text-align: center;\">Cliquez sur les onglets pour agrandir.<\/p>\n[\/vc_column_text][vc_media_grid style=\u00a0\u00bbpagination\u00a0\u00bb items_per_page=\u00a0\u00bb12&Prime; element_width=\u00a0\u00bb3&Prime; grid_id=\u00a0\u00bbvc_gid:1469031341289-f290b200-bd25-7&Prime; include=\u00a0\u00bb67,66,65,64,63,62,61,60,59,58,57,56,49,50,51,54,53,52,55&Prime; paging_animation_in=\u00a0\u00bbfadeIn\u00a0\u00bb][\/vc_column][\/vc_row]\n","protected":false},"excerpt":{"rendered":"<p>[vc_row fullwidth=\u00a0\u00bbtrue\u00a0\u00bb css=\u00a0\u00bb.vc_custom_1457455442049{margin-bottom: 40px !important;}\u00a0\u00bb][vc_column][\/vc_column][\/vc_row][vc_row el_class=\u00a0\u00bbpage-title\u00a0\u00bb][vc_column][vc_column_text margin_bottom=\u00a0\u00bb25&Prime;] Foilprint Inc. plaques fabricants de machines, plaques personnalis\u00e9es, \u00e9tiquettes, plaques d&rsquo;avertissement ainsi qu&rsquo;une foule compl\u00e8te de produits de signalisation. [\/vc_column_text][\/vc_column][\/vc_row][vc_row][vc_column width=\u00a0\u00bb1\/2&Prime;][vc_column_text margin_bottom=\u00a0\u00bb25&Prime;]Notre d\u00e9partement de gravure est \u00e9quip\u00e9 \u00e0 la fois laser et de gravures rotatives. Ce d\u00e9partement peut d\u00e9corer et produire des marquages d&rsquo;identification sur l\u2019aluminium, l&rsquo;acier inoxydable, [&hellip;]<\/p>\n","protected":false},"author":1,"featured_media":0,"parent":249,"menu_order":0,"comment_status":"closed","ping_status":"closed","template":"","meta":[],"yoast_head":"<!-- This site is optimized with the Yoast SEO plugin v19.3 - https:\/\/yoast.com\/wordpress\/plugins\/seo\/ -->\n<title>Gravure<\/title>\n<meta name=\"robots\" content=\"index, follow, max-snippet:-1, max-image-preview:large, max-video-preview:-1\" \/>\n<link rel=\"canonical\" href=\"https:\/\/www.foilprint.com\/fr\/services\/gravure\/\" \/>\n<meta property=\"og:locale\" content=\"fr_FR\" \/>\n<meta property=\"og:type\" content=\"article\" \/>\n<meta property=\"og:title\" content=\"Gravure\" \/>\n<meta property=\"og:description\" content=\"[vc_row fullwidth=\u00a0\u00bbtrue\u00a0\u00bb css=\u00a0\u00bb.vc_custom_1457455442049{margin-bottom: 40px !important;}\u00a0\u00bb][vc_column][\/vc_column][\/vc_row][vc_row el_class=\u00a0\u00bbpage-title\u00a0\u00bb][vc_column][vc_column_text margin_bottom=\u00a0\u00bb25&Prime;] Foilprint Inc. plaques fabricants de machines, plaques personnalis\u00e9es, \u00e9tiquettes, plaques d&rsquo;avertissement ainsi qu&rsquo;une foule compl\u00e8te de produits de signalisation. [\/vc_column_text][\/vc_column][\/vc_row][vc_row][vc_column width=\u00a0\u00bb1\/2&Prime;][vc_column_text margin_bottom=\u00a0\u00bb25&Prime;]Notre d\u00e9partement de gravure est \u00e9quip\u00e9 \u00e0 la fois laser et de gravures rotatives. Ce d\u00e9partement peut d\u00e9corer et produire des marquages d&rsquo;identification sur l\u2019aluminium, l&rsquo;acier inoxydable, [&hellip;]\" \/>\n<meta property=\"og:url\" content=\"https:\/\/www.foilprint.com\/fr\/services\/gravure\/\" \/>\n<meta property=\"og:site_name\" content=\"Foilprint Inc.\" \/>\n<meta property=\"article:publisher\" content=\"https:\/\/www.facebook.com\/NuFoilprint\" \/>\n<meta name=\"twitter:card\" content=\"summary\" \/>\n<meta name=\"twitter:site\" content=\"@NuFoilprintInc\" \/>\n<meta name=\"twitter:label1\" content=\"Dur\u00e9e de lecture estim\u00e9e\" \/>\n\t<meta name=\"twitter:data1\" content=\"1 minute\" \/>\n<script type=\"application\/ld+json\" class=\"yoast-schema-graph\">{\"@context\":\"https:\/\/schema.org\",\"@graph\":[{\"@type\":\"Organization\",\"@id\":\"https:\/\/www.foilprint.com\/#organization\",\"name\":\"Nu-Foilprint\",\"url\":\"https:\/\/www.foilprint.com\/\",\"sameAs\":[\"http:\/\/www.linkedin.com\/company\/foilprint\/\",\"http:\/\/pinterest.com\/foilprint\/pins\/\",\"http:\/\/www.youtube.com\/channel\/UCht3SMP-FW9qoZPNwbgfYiQ\/\",\"https:\/\/www.facebook.com\/NuFoilprint\",\"https:\/\/twitter.com\/NuFoilprintInc\"],\"logo\":{\"@type\":\"ImageObject\",\"inLanguage\":\"fr-FR\",\"@id\":\"https:\/\/www.foilprint.com\/#\/schema\/logo\/image\/\",\"url\":\"https:\/\/www.foilprint.com\/wp-content\/uploads\/Logo.png\",\"contentUrl\":\"https:\/\/www.foilprint.com\/wp-content\/uploads\/Logo.png\",\"width\":440,\"height\":200,\"caption\":\"Nu-Foilprint\"},\"image\":{\"@id\":\"https:\/\/www.foilprint.com\/#\/schema\/logo\/image\/\"}},{\"@type\":\"WebSite\",\"@id\":\"https:\/\/www.foilprint.com\/#website\",\"url\":\"https:\/\/www.foilprint.com\/\",\"name\":\"Foilprint Inc.\",\"description\":\"A Product Decorating Company\",\"publisher\":{\"@id\":\"https:\/\/www.foilprint.com\/#organization\"},\"potentialAction\":[{\"@type\":\"SearchAction\",\"target\":{\"@type\":\"EntryPoint\",\"urlTemplate\":\"https:\/\/www.foilprint.com\/?s={search_term_string}\"},\"query-input\":\"required name=search_term_string\"}],\"inLanguage\":\"fr-FR\"},{\"@type\":\"WebPage\",\"@id\":\"https:\/\/www.foilprint.com\/fr\/services\/gravure\/\",\"url\":\"https:\/\/www.foilprint.com\/fr\/services\/gravure\/\",\"name\":\"Gravure\",\"isPartOf\":{\"@id\":\"https:\/\/www.foilprint.com\/#website\"},\"datePublished\":\"2016-07-20T16:18:50+00:00\",\"dateModified\":\"2016-07-20T16:18:50+00:00\",\"breadcrumb\":{\"@id\":\"https:\/\/www.foilprint.com\/fr\/services\/gravure\/#breadcrumb\"},\"inLanguage\":\"fr-FR\",\"potentialAction\":[{\"@type\":\"ReadAction\",\"target\":[\"https:\/\/www.foilprint.com\/fr\/services\/gravure\/\"]}]},{\"@type\":\"BreadcrumbList\",\"@id\":\"https:\/\/www.foilprint.com\/fr\/services\/gravure\/#breadcrumb\",\"itemListElement\":[{\"@type\":\"ListItem\",\"position\":1,\"name\":\"Home\",\"item\":\"https:\/\/www.foilprint.com\/fr\/accueil\/\"},{\"@type\":\"ListItem\",\"position\":2,\"name\":\"Services\",\"item\":\"https:\/\/www.foilprint.com\/fr\/services\/\"},{\"@type\":\"ListItem\",\"position\":3,\"name\":\"Gravure\"}]}]}<\/script>\n<!-- \/ Yoast SEO plugin. -->","yoast_head_json":{"title":"Gravure","robots":{"index":"index","follow":"follow","max-snippet":"max-snippet:-1","max-image-preview":"max-image-preview:large","max-video-preview":"max-video-preview:-1"},"canonical":"https:\/\/www.foilprint.com\/fr\/services\/gravure\/","og_locale":"fr_FR","og_type":"article","og_title":"Gravure","og_description":"[vc_row fullwidth=\u00a0\u00bbtrue\u00a0\u00bb css=\u00a0\u00bb.vc_custom_1457455442049{margin-bottom: 40px !important;}\u00a0\u00bb][vc_column][\/vc_column][\/vc_row][vc_row el_class=\u00a0\u00bbpage-title\u00a0\u00bb][vc_column][vc_column_text margin_bottom=\u00a0\u00bb25&Prime;] Foilprint Inc. plaques fabricants de machines, plaques personnalis\u00e9es, \u00e9tiquettes, plaques d&rsquo;avertissement ainsi qu&rsquo;une foule compl\u00e8te de produits de signalisation. [\/vc_column_text][\/vc_column][\/vc_row][vc_row][vc_column width=\u00a0\u00bb1\/2&Prime;][vc_column_text margin_bottom=\u00a0\u00bb25&Prime;]Notre d\u00e9partement de gravure est \u00e9quip\u00e9 \u00e0 la fois laser et de gravures rotatives. Ce d\u00e9partement peut d\u00e9corer et produire des marquages d&rsquo;identification sur l\u2019aluminium, l&rsquo;acier inoxydable, [&hellip;]","og_url":"https:\/\/www.foilprint.com\/fr\/services\/gravure\/","og_site_name":"Foilprint Inc.","article_publisher":"https:\/\/www.facebook.com\/NuFoilprint","twitter_card":"summary","twitter_site":"@NuFoilprintInc","twitter_misc":{"Dur\u00e9e de lecture estim\u00e9e":"1 minute"},"schema":{"@context":"https:\/\/schema.org","@graph":[{"@type":"Organization","@id":"https:\/\/www.foilprint.com\/#organization","name":"Nu-Foilprint","url":"https:\/\/www.foilprint.com\/","sameAs":["http:\/\/www.linkedin.com\/company\/foilprint\/","http:\/\/pinterest.com\/foilprint\/pins\/","http:\/\/www.youtube.com\/channel\/UCht3SMP-FW9qoZPNwbgfYiQ\/","https:\/\/www.facebook.com\/NuFoilprint","https:\/\/twitter.com\/NuFoilprintInc"],"logo":{"@type":"ImageObject","inLanguage":"fr-FR","@id":"https:\/\/www.foilprint.com\/#\/schema\/logo\/image\/","url":"https:\/\/www.foilprint.com\/wp-content\/uploads\/Logo.png","contentUrl":"https:\/\/www.foilprint.com\/wp-content\/uploads\/Logo.png","width":440,"height":200,"caption":"Nu-Foilprint"},"image":{"@id":"https:\/\/www.foilprint.com\/#\/schema\/logo\/image\/"}},{"@type":"WebSite","@id":"https:\/\/www.foilprint.com\/#website","url":"https:\/\/www.foilprint.com\/","name":"Foilprint Inc.","description":"A Product Decorating Company","publisher":{"@id":"https:\/\/www.foilprint.com\/#organization"},"potentialAction":[{"@type":"SearchAction","target":{"@type":"EntryPoint","urlTemplate":"https:\/\/www.foilprint.com\/?s={search_term_string}"},"query-input":"required name=search_term_string"}],"inLanguage":"fr-FR"},{"@type":"WebPage","@id":"https:\/\/www.foilprint.com\/fr\/services\/gravure\/","url":"https:\/\/www.foilprint.com\/fr\/services\/gravure\/","name":"Gravure","isPartOf":{"@id":"https:\/\/www.foilprint.com\/#website"},"datePublished":"2016-07-20T16:18:50+00:00","dateModified":"2016-07-20T16:18:50+00:00","breadcrumb":{"@id":"https:\/\/www.foilprint.com\/fr\/services\/gravure\/#breadcrumb"},"inLanguage":"fr-FR","potentialAction":[{"@type":"ReadAction","target":["https:\/\/www.foilprint.com\/fr\/services\/gravure\/"]}]},{"@type":"BreadcrumbList","@id":"https:\/\/www.foilprint.com\/fr\/services\/gravure\/#breadcrumb","itemListElement":[{"@type":"ListItem","position":1,"name":"Home","item":"https:\/\/www.foilprint.com\/fr\/accueil\/"},{"@type":"ListItem","position":2,"name":"Services","item":"https:\/\/www.foilprint.com\/fr\/services\/"},{"@type":"ListItem","position":3,"name":"Gravure"}]}]}},"_links":{"self":[{"href":"https:\/\/www.foilprint.com\/fr\/wp-json\/wp\/v2\/pages\/257"}],"collection":[{"href":"https:\/\/www.foilprint.com\/fr\/wp-json\/wp\/v2\/pages"}],"about":[{"href":"https:\/\/www.foilprint.com\/fr\/wp-json\/wp\/v2\/types\/page"}],"author":[{"embeddable":true,"href":"https:\/\/www.foilprint.com\/fr\/wp-json\/wp\/v2\/users\/1"}],"replies":[{"embeddable":true,"href":"https:\/\/www.foilprint.com\/fr\/wp-json\/wp\/v2\/comments?post=257"}],"version-history":[{"count":2,"href":"https:\/\/www.foilprint.com\/fr\/wp-json\/wp\/v2\/pages\/257\/revisions"}],"predecessor-version":[{"id":324,"href":"https:\/\/www.foilprint.com\/fr\/wp-json\/wp\/v2\/pages\/257\/revisions\/324"}],"up":[{"embeddable":true,"href":"https:\/\/www.foilprint.com\/fr\/wp-json\/wp\/v2\/pages\/249"}],"wp:attachment":[{"href":"https:\/\/www.foilprint.com\/fr\/wp-json\/wp\/v2\/media?parent=257"}],"curies":[{"name":"wp","href":"https:\/\/api.w.org\/{rel}","templated":true}]}}